{"id":8590,"date":"2025-12-12T13:37:12","date_gmt":"2025-12-12T13:37:12","guid":{"rendered":"https:\/\/sunsetandsails.com\/?post_type=product&#038;p=8590"},"modified":"2026-01-27T13:11:00","modified_gmt":"2026-01-27T13:11:00","slug":"puncte-de-membralitate-306","status":"publish","type":"product","link":"https:\/\/sunsetandsails.com\/ro\/product\/puncte-de-membralitate-306\/","title":{"rendered":"Puncte de membralitate  (306)"},"content":{"rendered":"<p data-start=\"49\" data-end=\"382\"><strong data-start=\"49\" data-end=\"382\">Cump\u0103r\u00e2nd 306 puncte de membralitate, primi\u021bi un cadou const\u00e2nd \u00een 17 litrii de ulei de m\u0103sline extravirgin. Cu c\u00e2t achizi\u021biona\u021bi mai multe puncte, cu at\u00e2t ve\u021bi fi eligibili pentru mai multe cadouri.<br data-start=\"249\" data-end=\"252\" \/>La 1000 de puncte, dob\u00e2ndi\u021bi statutul complet de Silver Member, care v\u0103 ofer\u0103 un discount de 5% la toate produsele \u0219i croazierele.<\/strong><\/p>\n<p data-start=\"384\" data-end=\"571\"><strong data-start=\"384\" data-end=\"571\">La atingerea pragului de 2500 de puncte, ob\u021bine\u021bi statutul de Bronze Member, beneficiind de un discount de 10% la toate produsele \u0219i croazierele, pe durata valabilit\u0103\u021bii membralit\u0103\u021bii.<\/strong><\/p>\n<p data-start=\"573\" data-end=\"708\" data-is-last-node=\"\" data-is-only-node=\"\"><strong data-start=\"573\" data-end=\"708\" data-is-last-node=\"\">Statutul de Platinum Member este acordat la acumularea a 10000 de puncte \u0219i include beneficiile superioare specifice acestui nivel.<\/strong><\/p>\n<p data-start=\"518\" data-end=\"633\" data-is-last-node=\"\" data-is-only-node=\"\">Pute\u021bi accesa mai multe detalii <strong><a href=\"https:\/\/sunsetandsails.com\/club-regulations\/\">AICI<\/a><\/strong><\/p>\n<p data-start=\"52\" data-end=\"394\"><strong data-start=\"52\" data-end=\"394\">\u00cenainte sau dup\u0103 achizi\u021bionarea membralit\u0103\u021bii, v\u0103 rug\u0103m s\u0103 v\u0103 crea\u021bi un cont acces\u00e2nd sec\u021biunea <a href=\"https:\/\/sunsetandsails.com\/ro\/contul-meu\/\" target=\"_blank\" rel=\"noopener\">CONTUL MEU<\/a>.<br data-start=\"161\" data-end=\"164\" \/>La finalizarea pl\u0103\u021bii, \u00een pagina de checkout, \u00een c\u00e2mpul \u201eAdd a note to your order\u201d, v\u0103 rug\u0103m s\u0103 include\u021bi num\u0103rul de telefon pentru a putea comunica mai u\u0219or \u00een vederea livr\u0103rii cadourilor \u0219i beneficiilor aferente membralit\u0103\u021bii.<\/strong><\/p>\n<p data-start=\"396\" data-end=\"448\"><strong data-start=\"396\" data-end=\"448\">Nu se poate combina cu alte oferte sau reduceri.<\/strong><\/p>\n<p data-start=\"450\" data-end=\"485\"><strong data-start=\"450\" data-end=\"485\">Achizi\u021bia nu este rambursabil\u0103.<\/strong><\/p>\n<p data-start=\"487\" data-end=\"645\" data-is-last-node=\"\" data-is-only-node=\"\"><strong data-start=\"487\" data-end=\"645\" data-is-last-node=\"\">V\u0103 rug\u0103m s\u0103 consulta\u021bi <a href=\"https:\/\/sunsetandsails.com\/ro\/termeni-si-conditii\/\" target=\"_blank\" rel=\"noopener\">TERMENII \u0218I CONDI\u021aIILE<\/a> \u0219i <a href=\"https:\/\/sunsetandsails.com\/privacy-statement\/\" target=\"_blank\" rel=\"noopener\">POLITICA DE CONFIDEN\u021aIALITATE<\/a>. Plata reprezint\u0103 acceptul dumneavoastr\u0103 explicit al termenilor prezenta\u021bi.<\/strong><\/p>\n<p>&nbsp;<\/p>\n","protected":false},"excerpt":{"rendered":"<p>Achizi\u021bion\u00e2nd puncte de membralitate, deveni\u021bi membri ai clubului Sunset &amp; Sails. Acest statut v\u0103 ofer\u0103 reduceri la croazierele organizate de noi, acces la evenimente dedicate \u0219i, \u00een plus, mici daruri aduse din incursiunile noastre pe mare: ulei de m\u0103sline din Grecia, parmezan din Italia sau obiecte artizanale din Africa.<\/p>\n","protected":false},"featured_media":5721,"template":"","meta":[],"product_brand":[],"product_cat":[85],"product_tag":[],"class_list":{"0":"post-8590","1":"product","2":"type-product","3":"status-publish","4":"has-post-thumbnail","6":"product_cat-gift-cards","8":"first","9":"outofstock","10":"sale","11":"virtual","12":"purchasable","13":"product-type-simple"},"_links":{"self":[{"href":"https:\/\/sunsetandsails.com\/ro\/wp-json\/wp\/v2\/product\/8590","targetHints":{"allow":["GET"]}}],"collection":[{"href":"https:\/\/sunsetandsails.com\/ro\/wp-json\/wp\/v2\/product"}],"about":[{"href":"https:\/\/sunsetandsails.com\/ro\/wp-json\/wp\/v2\/types\/product"}],"wp:featuredmedia":[{"embeddable":true,"href":"https:\/\/sunsetandsails.com\/ro\/wp-json\/wp\/v2\/media\/5721"}],"wp:attachment":[{"href":"https:\/\/sunsetandsails.com\/ro\/wp-json\/wp\/v2\/media?parent=8590"}],"wp:term":[{"taxonomy":"product_brand","embeddable":true,"href":"https:\/\/sunsetandsails.com\/ro\/wp-json\/wp\/v2\/product_brand?post=8590"},{"taxonomy":"product_cat","embeddable":true,"href":"https:\/\/sunsetandsails.com\/ro\/wp-json\/wp\/v2\/product_cat?post=8590"},{"taxonomy":"product_tag","embeddable":true,"href":"https:\/\/sunsetandsails.com\/ro\/wp-json\/wp\/v2\/product_tag?post=8590"}],"curies":[{"name":"wp","href":"https:\/\/api.w.org\/{rel}","templated":true}]}}