{"id":7241,"date":"2024-01-07T09:06:24","date_gmt":"2024-01-07T09:06:24","guid":{"rendered":"https:\/\/sunsetandsails.com\/?page_id=7241"},"modified":"2026-01-23T20:24:05","modified_gmt":"2026-01-23T20:24:05","slug":"cum-functioneaza","status":"publish","type":"page","link":"https:\/\/sunsetandsails.com\/ro\/cum-functioneaza\/","title":{"rendered":"Cum functioneaza?"},"content":{"rendered":"<section class=\"wpb-content-wrapper\"><p>[vc_row][vc_column]<div class=\"eltd-section-title-holder   text-align-center\" style=\"text-align: center\">\n\t<div class=\"eltd-st-inner\">\n\t\t\t\t\t<h2 class=\"eltd-st-title\" >\n\t\t\t\tCum functioneaza?\t\t\t<\/h2>\n\t\t\t\t<div class=\"eltd-separator-holder clearfix  eltd-separator-center \">\t<div class=\"eltd-separator\" ><\/div><\/div>\t\t\t<\/div>\n<\/div><div class=\"eltd-section-title-holder   text-align-center\" style=\"padding: 0 -5;text-align: center\">\n\t<div class=\"eltd-st-inner\">\n\t\t\t\t\t\t\t\t\t<h5 class=\"eltd-st-text\" >\n\t\t\t\tViziunea noastra este sa inspiram oamenii sa exploreze si sa descopere cele mai incantatoare destinatii,<br \/>\ndezvaluind frumusetea autentica a planetei noastre.\t\t\t<\/h5>\n\t\t\t<\/div>\n<\/div>[vc_single_image image=&#8221;6868&#8243; img_size=&#8221;large&#8221; alignment=&#8221;center&#8221; css_animation=&#8221;none&#8221; css=&#8221;.vc_custom_1704650720857{background-position: center !important;background-repeat: no-repeat !important;background-size: contain !important;}&#8221;]<div class=\"eltd-section-title-holder   text-align-center eltd-animated-separator\" style=\"text-align: center\">\n\t<div class=\"eltd-st-inner\">\n\t\t\t\t\t<h2 class=\"eltd-st-title\" >\n\t\t\t\tVelier vs. Catamaran\t\t\t<\/h2>\n\t\t\t\t<div class=\"eltd-separator-holder clearfix  eltd-separator-center \">\t<div class=\"eltd-separator\" ><\/div><\/div>\t\t\t<\/div>\n<\/div>[\/vc_column][\/vc_row][vc_row gap=&#8221;5&#8243; row_content_width=&#8221;grid&#8221; content_text_aligment=&#8221;right&#8221;][vc_column width=&#8221;1\/2&#8243;]<div class=\"eltd-section-title-holder   text-align-left\" style=\"text-align: left\">\n\t<div class=\"eltd-st-inner\">\n\t\t\t\t\t\t\t\t\t<h5 class=\"eltd-st-text\" style=\"color: #000000\">\n\t\t\t\tVelierele sunt adesea preferate de pasionatii de aventura, oferind o experienta de navigatie mai traditionala si intima. Acestea pot fi mai accesibile din punct de vedere financiar, facandu-le o optiune potrivita pentru cei care cauta o experienta simpla si economica de navigatie.\t\t\t<\/h5>\n\t\t\t<\/div>\n<\/div>[\/vc_column][vc_column width=&#8221;1\/2&#8243;]<div class=\"eltd-section-title-holder   text-align-left\" style=\"text-align: left\">\n\t<div class=\"eltd-st-inner\">\n\t\t\t\t\t\t\t\t\t<h5 class=\"eltd-st-text\" style=\"color: #0a0a0a\">\n\t\t\t\tCatamaranele ofera de obicei mai mult spatiu, asigurand un confort sporit pentru familii sau pentru cei care doresc o experienta de croaziera relaxanta. Acestea sunt potrivite pentru calatorii lejere, gazduind grupuri mai mari datorita spatiului generos. Catamaranele au, in general, un pret mai ridicat datorita dimensiunilor si facilitatilor suplimentare.\t\t\t<\/h5>\n\t\t\t<\/div>\n<\/div>[\/vc_column][\/vc_row][vc_row row_content_width=&#8221;grid&#8221; content_text_aligment=&#8221;center&#8221;][vc_column]<div class=\"eltd-section-title-holder  \" >\n\t<div class=\"eltd-st-inner\">\n\t\t\t\t<div class=\"eltd-separator-holder clearfix  eltd-separator-center \">\t<div class=\"eltd-separator\" ><\/div><\/div>\t\t\t<\/div>\n<\/div>[vc_single_image image=&#8221;6869&#8243; img_size=&#8221;&#8221; alignment=&#8221;center&#8221;]<div class=\"eltd-section-title-holder  \" >\n\t<div class=\"eltd-st-inner\">\n\t\t\t\t\t<h2 class=\"eltd-st-title\" >\n\t\t\t\tSkipper\t\t\t<\/h2>\n\t\t\t\t\t\t\t\t\t<h5 class=\"eltd-st-text\" >\n\t\t\t\tFiecare iaht care pleac\u0103 pe mare cu Sunset &amp; Sails include un skipper dedicat.<br \/>\nAcesta se ocup\u0103 de toate aspectele c\u0103l\u0103toriei, aleg\u00e2nd cea mai bun\u0103 rut\u0103 \u00een func\u021bie de prognoza meteo \u0219i acord\u00e2nd o aten\u021bie maxim\u0103 siguran\u021bei echipajului, astfel \u00eenc\u00e2t tu s\u0103 te po\u021bi relaxa \u0219i s\u0103 te bucuri de experien\u021b\u0103.<br \/>\n\u00cen plus, skipperul este disponibil pentru a oferi \u00eendrumare \u0219i instruire, introduc\u00e2ndu-te pas cu pas \u00een arta naviga\u021biei.\t\t\t<\/h5>\n\t\t\t<\/div>\n<\/div><div class=\"eltd-section-title-holder  \" >\n\t<div class=\"eltd-st-inner\">\n\t\t\t\t<div class=\"eltd-separator-holder clearfix  eltd-separator-center \">\t<div class=\"eltd-separator\" ><\/div><\/div>\t\t\t<\/div>\n<\/div>[vc_single_image image=&#8221;6870&#8243; img_size=&#8221;&#8221; alignment=&#8221;center&#8221;]<div class=\"eltd-section-title-holder  \" >\n\t<div class=\"eltd-st-inner\">\n\t\t\t\t\t<h2 class=\"eltd-st-title\" >\n\t\t\t\tCazare pe iaht (8 nop\u021bi)\t\t\t<\/h2>\n\t\t\t\t\t\t\t\t\t<h5 class=\"eltd-st-text\" >\n\t\t\t\tVei petrece 7 zile \u0219i 8 nop\u021bi la bordul unui iaht deosebit, al\u0103turi de prieteni sau familie.<br \/>\nFie c\u0103 preferi s\u0103 dormi sub cerul liber sau \u00eentr-o cabin\u0103 confortabil\u0103 sub punte, iahtul va fi casa ta \u00een mi\u0219care pe parcursul \u00eentregii s\u0103pt\u0103m\u00e2ni.\t\t\t<\/h5>\n\t\t\t<\/div>\n<\/div><div class=\"eltd-section-title-holder  \" >\n\t<div class=\"eltd-st-inner\">\n\t\t\t\t<div class=\"eltd-separator-holder clearfix  eltd-separator-center \">\t<div class=\"eltd-separator\" ><\/div><\/div>\t\t\t<\/div>\n<\/div>[vc_single_image image=&#8221;6871&#8243; img_size=&#8221;&#8221; alignment=&#8221;center&#8221;]<div class=\"eltd-section-title-holder  \" >\n\t<div class=\"eltd-st-inner\">\n\t\t\t\t\t<h2 class=\"eltd-st-title\" >\n\t\t\t\tM\u00e2ncare \u0219i b\u0103uturi\t\t\t<\/h2>\n\t\t\t\t\t\t\t\t\t<h5 class=\"eltd-st-text\" >\n\t\t\t\tM\u00e2ncarea nu este inclus\u0103 pentru rezerv\u0103rile de iaht integral.<br \/>\nFiecare marin\u0103 are \u00een apropiere un supermarket de unde \u00ee\u021bi po\u021bi cump\u0103ra proviziile pentru \u00eentreaga s\u0103pt\u0103m\u00e2n\u0103. \u00cen unele seri vei lua masa \u00een baruri \u0219i restaurante locale.<br \/>\nDac\u0103 alegi s\u0103 adaugi un host, acesta se va ocupa de planificarea meselor \u0219i de cump\u0103r\u0103turi \u0219i va g\u0103ti pe parcursul s\u0103pt\u0103m\u00e2nii 6 mic dejunuri, 6 pr\u00e2nzuri \u0219i 2 cine.\t\t\t<\/h5>\n\t\t\t<\/div>\n<\/div><div class=\"eltd-section-title-holder  \" >\n\t<div class=\"eltd-st-inner\">\n\t\t\t\t<div class=\"eltd-separator-holder clearfix  eltd-separator-center \">\t<div class=\"eltd-separator\" ><\/div><\/div>\t\t\t<\/div>\n<\/div>[vc_single_image image=&#8221;6872&#8243; img_size=&#8221;&#8221; alignment=&#8221;center&#8221;]<div class=\"eltd-section-title-holder  \" >\n\t<div class=\"eltd-st-inner\">\n\t\t\t\t\t<h2 class=\"eltd-st-title\" >\n\t\t\t\tTowels &amp; bed linen\t\t\t<\/h2>\n\t\t\t\t\t\t\t\t\t<h5 class=\"eltd-st-text\" >\n\t\t\t\tTowels and bed linen are included and provided onboard the yacht.\t\t\t<\/h5>\n\t\t\t<\/div>\n<\/div><div class=\"eltd-section-title-holder  \" >\n\t<div class=\"eltd-st-inner\">\n\t\t\t\t<div class=\"eltd-separator-holder clearfix  eltd-separator-center \">\t<div class=\"eltd-separator\" ><\/div><\/div>\t\t\t<\/div>\n<\/div>[vc_single_image image=&#8221;6873&#8243; img_size=&#8221;&#8221; alignment=&#8221;center&#8221;]<div class=\"eltd-section-title-holder  \" >\n\t<div class=\"eltd-st-inner\">\n\t\t\t\t\t<h2 class=\"eltd-st-title\" >\n\t\t\t\tDinghy\t\t\t<\/h2>\n\t\t\t\t\t\t\t\t\t<h5 class=\"eltd-st-text\" >\n\t\t\t\tFiecare iaht este dotat cu un dinghy, pentru a-\u021bi oferi acces facil la \u021b\u0103rm ori de c\u00e2te ori este necesar.\t\t\t<\/h5>\n\t\t\t<\/div>\n<\/div><div class=\"eltd-section-title-holder  \" >\n\t<div class=\"eltd-st-inner\">\n\t\t\t\t<div class=\"eltd-separator-holder clearfix  eltd-separator-center \">\t<div class=\"eltd-separator\" ><\/div><\/div>\t\t\t<\/div>\n<\/div>[vc_single_image image=&#8221;6874&#8243; img_size=&#8221;&#8221; alignment=&#8221;center&#8221;]<div class=\"eltd-section-title-holder  \" >\n\t<div class=\"eltd-st-inner\">\n\t\t\t\t\t<h2 class=\"eltd-st-title\" >\n\t\t\t\tCheltuieli suplimentare\t\t\t<\/h2>\n\t\t\t\t\t\t\t\t\t<h5 class=\"eltd-st-text\" >\n\t\t\t\tTransfer c\u0103tre marin\u0103<br \/>\nPutem organiza transportul t\u0103u de la aeroport p\u00e2n\u0103 la marin\u0103. Dac\u0103 inten\u021bionezi s\u0103 iei un taxi, asigur\u0103-te c\u0103 ai numerar la tine!\nExplorarea insulelor<br \/>\nC\u00e2nd ajungem pe o insul\u0103 nou\u0103 \u0219i acost\u0103m iahtul, o modalitate excelent\u0103 de a o explora este \u00eenchirierea unui scuter sau a unei ma\u0219ini.<br \/>\nAlternativ, po\u021bi lua un taxi pentru un tur al celor mai interesante locuri, astfel \u00eenc\u00e2t s\u0103 nu ratezi nimic. Este util s\u0103 ai numerar la tine pentru acest tip de activit\u0103\u021bi.\nEchipament suplimentar<br \/>\nUneori, cea mai bun\u0103 modalitate de a p\u0103r\u0103si iahtul \u0219i de a descoperi linia de coast\u0103 este folosind un paddleboard, disponibil contra cost.<br \/>\nDac\u0103 c\u0103l\u0103tore\u0219ti cu copii mici, exist\u0103 op\u021biunea de a instala o plas\u0103 de protec\u021bie pe punte.\t\t\t<\/h5>\n\t\t\t<\/div>\n<\/div><div class=\"eltd-section-title-holder  \" >\n\t<div class=\"eltd-st-inner\">\n\t\t\t\t<div class=\"eltd-separator-holder clearfix  eltd-separator-center \">\t<div class=\"eltd-separator\" ><\/div><\/div>\t\t\t<\/div>\n<\/div>[\/vc_column][\/vc_row]<\/p>\n<\/section>","protected":false},"excerpt":{"rendered":"<p>[vc_row][vc_column][vc_single_image image=&#8221;6868&#8243; img_size=&#8221;large&#8221; alignment=&#8221;center&#8221; css_animation=&#8221;none&#8221; css=&#8221;.vc_custom_1704650720857{background-position: center !important;background-repeat: no-repeat !important;background-size: contain !important;}&#8221;][\/vc_column][\/vc_row][vc_row gap=&#8221;5&#8243; row_content_width=&#8221;grid&#8221; content_text_aligment=&#8221;right&#8221;][vc_column width=&#8221;1\/2&#8243;][\/vc_column][vc_column width=&#8221;1\/2&#8243;][\/vc_column][\/vc_row][vc_row row_content_width=&#8221;grid&#8221; content_text_aligment=&#8221;center&#8221;][vc_column][vc_single_image image=&#8221;6869&#8243; img_size=&#8221;&#8221; alignment=&#8221;center&#8221;][vc_single_image image=&#8221;6870&#8243; img_size=&#8221;&#8221; alignment=&#8221;center&#8221;][vc_single_image image=&#8221;6871&#8243; img_size=&#8221;&#8221; alignment=&#8221;center&#8221;][vc_single_image image=&#8221;6872&#8243; img_size=&#8221;&#8221; alignment=&#8221;center&#8221;][vc_single_image image=&#8221;6873&#8243; img_size=&#8221;&#8221; alignment=&#8221;center&#8221;][vc_single_image image=&#8221;6874&#8243; img_size=&#8221;&#8221; alignment=&#8221;center&#8221;][\/vc_column][\/vc_row]<\/p>\n","protected":false},"author":1,"featured_media":7235,"parent":0,"menu_order":0,"comment_status":"closed","ping_status":"closed","template":"full-width.php","meta":{"footnotes":""},"class_list":["post-7241","page","type-page","status-publish","has-post-thumbnail","hentry"],"_links":{"self":[{"href":"https:\/\/sunsetandsails.com\/ro\/wp-json\/wp\/v2\/pages\/7241","targetHints":{"allow":["GET"]}}],"collection":[{"href":"https:\/\/sunsetandsails.com\/ro\/wp-json\/wp\/v2\/pages"}],"about":[{"href":"https:\/\/sunsetandsails.com\/ro\/wp-json\/wp\/v2\/types\/page"}],"author":[{"embeddable":true,"href":"https:\/\/sunsetandsails.com\/ro\/wp-json\/wp\/v2\/users\/1"}],"replies":[{"embeddable":true,"href":"https:\/\/sunsetandsails.com\/ro\/wp-json\/wp\/v2\/comments?post=7241"}],"version-history":[{"count":9,"href":"https:\/\/sunsetandsails.com\/ro\/wp-json\/wp\/v2\/pages\/7241\/revisions"}],"predecessor-version":[{"id":12051,"href":"https:\/\/sunsetandsails.com\/ro\/wp-json\/wp\/v2\/pages\/7241\/revisions\/12051"}],"wp:featuredmedia":[{"embeddable":true,"href":"https:\/\/sunsetandsails.com\/ro\/wp-json\/wp\/v2\/media\/7235"}],"wp:attachment":[{"href":"https:\/\/sunsetandsails.com\/ro\/wp-json\/wp\/v2\/media?parent=7241"}],"curies":[{"name":"wp","href":"https:\/\/api.w.org\/{rel}","templated":true}]}}