{"id":13177,"date":"2026-02-12T19:25:12","date_gmt":"2026-02-12T19:25:12","guid":{"rendered":"https:\/\/sunsetandsails.com\/?page_id=13177"},"modified":"2026-02-12T19:25:12","modified_gmt":"2026-02-12T19:25:12","slug":"sail-for-good-3","status":"publish","type":"page","link":"https:\/\/sunsetandsails.com\/ro\/sail-for-good-3\/","title":{"rendered":"Sail for Good!"},"content":{"rendered":"<section class=\"wpb-content-wrapper\"><p>[vc_row][vc_column][vc_row_inner equal_height=&#8221;yes&#8221;][vc_column_inner][vc_column_text css=&#8221;.vc_custom_1752304199747{padding-right: 10px !important;padding-left: 10px !important;}&#8221;]<\/p>\n<h5 style=\"text-align: right;\"><strong><br \/>\n<a href=\"https:\/\/sunsetandsails.com\/ro\/sail-for-good-1\/\"><img loading=\"lazy\" decoding=\"async\" class=\"aligncenter wp-image-8065\" src=\"https:\/\/sunsetandsails.com\/wp-content\/uploads\/2025\/04\/ll.jpg\" alt=\"\" width=\"46\" height=\"41\" srcset=\"https:\/\/sunsetandsails.com\/wp-content\/uploads\/2025\/04\/ll.jpg 324w, https:\/\/sunsetandsails.com\/wp-content\/uploads\/2025\/04\/ll-300x269.jpg 300w\" sizes=\"auto, (max-width: 46px) 100vw, 46px\" \/><\/a><\/strong><\/h5>\n<p>[\/vc_column_text][\/vc_column_inner][\/vc_row_inner][vc_separator css_animation=&#8221;none&#8221; css=&#8221;.vc_custom_1744574754146{padding-top: 10px !important;padding-bottom: 10px !important;}&#8221;]<div class=\"eltd-elements-holder   eltd-one-column  eltd-responsive-mode-768 \" ><div class=\"eltd-eh-item   eltd-horizontal-alignment-center eltd-element-from-top\"  data-item-class=\"eltd-eh-custom-4731\" data-animation=\"eltd-element-from-top\">\n\t<div class=\"eltd-eh-item-inner\">\n\t\t<div class=\"eltd-eh-item-content eltd-eh-custom-4731\" >\n\t\t\t[vc_column_text css=&#8221;.vc_custom_1752308235677{padding-right: 10px !important;padding-left: 10px !important;}&#8221;]<\/p>\n<p data-start=\"94\" data-end=\"183\"><strong data-start=\"94\" data-end=\"183\"><a href=\"https:\/\/sunsetandsails.com\/\"><span class=\"_fadeIn_pfttw_8\">Sunset &amp; <\/span><span class=\"_fadeIn_pfttw_8\">Sails <\/span><\/a><span class=\"_fadeIn_pfttw_8\">\u0219i <\/span><a href=\"https:\/\/11even.ro\/\"><span class=\"_fadeIn_pfttw_8\">Asociatia <\/span><span class=\"_fadeIn_pfttw_8\">11even <\/span><\/a><span class=\"_fadeIn_pfttw_8\">v\u0103 invit\u0103 la o regat\u0103 a solidarit\u0103\u021bii \u2014 f\u0103r\u0103 linie de start, f\u0103r\u0103 podium, dar cu o miz\u0103 profund uman\u0103.<br data-start=\"483\" data-end=\"486\" \/>Al\u0103tur\u0103-te companiilor care ne sus\u021bin prin sponsoriz\u0103ri deductibile.<\/span><\/strong><\/p>\n<p>[\/vc_column_text]\t\t<\/div>\n\t<\/div>\n<\/div><\/div>[vc_separator css_animation=&#8221;none&#8221; css=&#8221;.vc_custom_1744575291213{padding-top: 10px !important;padding-bottom: 10px !important;}&#8221;][\/vc_column][\/vc_row][vc_row][vc_column]<h2 class=\"eltd-custom-font-holder  eltd-cf-5010  \" style=\"font-family: quentin;font-size: 100px;line-height: 140px;font-weight: 400;letter-spacing: 0px;text-align: center;color: #aaaaaa\" data-item-class=\"eltd-cf-5010\" data-font-size-1280=\"90px\" data-font-size-1024=\"90px\" data-font-size-768=\"70px\" data-font-size-680=\"50px\" data-line-height-1280=\"100px\" data-line-height-1024=\"100px\" data-line-height-768=\"80px\" data-line-height-680=\"60px\">\n\tCauza<\/h2><div class=\"eltd-elements-holder   eltd-one-column  eltd-responsive-mode-768 \" ><div class=\"eltd-eh-item   eltd-horizontal-alignment-center eltd-element-from-top\"  data-item-class=\"eltd-eh-custom-1415\" data-animation=\"eltd-element-from-top\">\n\t<div class=\"eltd-eh-item-inner\">\n\t\t<div class=\"eltd-eh-item-content eltd-eh-custom-1415\" >\n\t\t\t[vc_column_text css=&#8221;.vc_custom_1752349561492{padding-right: 10px !important;padding-left: 10px !important;}&#8221;]<\/p>\n<p data-start=\"149\" data-end=\"363\">Ne propunem s\u0103 facem naviga\u021bia \u0219i sportul \u00een general accesibile persoanelor cu dizabilit\u0103\u021bi, oferindu-le nu doar momente de recreere, ci \u0219i \u0219ansa real\u0103 de antrenament, progres \u0219i participare \u00een competi\u021bii sportive.<\/p>\n<p data-start=\"365\" data-end=\"547\">Pentru mul\u021bi, sailingul \u00eenseamn\u0103 mai mult dec\u00e2t o ie\u0219ire pe mare \u2014 devine o form\u0103 de recuperare activ\u0103, o cale de dezvoltare personal\u0103 \u0219i un instrument autentic de integrare social\u0103.<\/p>\n<p data-start=\"549\" data-end=\"918\">Pe o ambarca\u021biune, fiecare membru al echipajului are un rol \u0219i o responsabilitate, indiferent de limit\u0103rile fizice. Naviga\u021bia ofer\u0103 nu doar mi\u0219care adaptat\u0103, ci \u0219i un sentiment profund de direc\u021bie \u0219i control \u2014 elemente esen\u021biale pentru \u00eencrederea \u00een sine. Este un sport complex, care antreneaz\u0103 corpul \u0219i mintea, stimul\u00e2nd coordonarea, rezisten\u021ba \u0219i spiritul de echip\u0103.<\/p>\n<p data-start=\"920\" data-end=\"1130\">Prin adaptarea ambarca\u021biunilor \u0219i organizarea de sesiuni dedicate, ne dorim ca marea s\u0103 devin\u0103 un spa\u021biu incluziv \u2014 un loc al dep\u0103\u0219irii limitelor, al performan\u021bei posibile \u0219i al reg\u0103sirii demnit\u0103\u021bii prin sport.<\/p>\n<p>[\/vc_column_text]\t\t<\/div>\n\t<\/div>\n<\/div><\/div>[\/vc_column][\/vc_row][vc_row css=&#8221;.vc_custom_1739791817051{margin-top: 0px !important;border-top-width: 0px !important;padding-top: 0px !important;}&#8221;][vc_column][vc_separator css_animation=&#8221;none&#8221; css=&#8221;.vc_custom_1744575318288{padding-top: 10px !important;padding-bottom: 10px !important;}&#8221;]<h2 class=\"eltd-custom-font-holder  eltd-cf-4716  \" style=\"font-family: quentin;font-size: 100px;line-height: 140px;font-weight: 400;letter-spacing: 0px;text-align: center;color: #aaaaaa\" data-item-class=\"eltd-cf-4716\" data-font-size-1280=\"90px\" data-font-size-1024=\"90px\" data-font-size-768=\"70px\" data-font-size-680=\"50px\" data-line-height-1280=\"100px\" data-line-height-1024=\"100px\" data-line-height-768=\"80px\" data-line-height-680=\"60px\">\n\tParticipantii<\/h2><div class=\"eltd-elements-holder   eltd-one-column  eltd-responsive-mode-768 \" ><div class=\"eltd-eh-item   eltd-horizontal-alignment-center eltd-element-from-top\"  data-item-class=\"eltd-eh-custom-6702\" data-animation=\"eltd-element-from-top\">\n\t<div class=\"eltd-eh-item-inner\">\n\t\t<div class=\"eltd-eh-item-content eltd-eh-custom-6702\" >\n\t\t\t[vc_column_text css=&#8221;.vc_custom_1752315819991{padding-right: 10px !important;padding-left: 10px !important;}&#8221;]<\/p>\n<p data-start=\"205\" data-end=\"443\">Cauza este sus\u021binut\u0103 de campioni rom\u00e2ni paralimpici, multipli medalia\u021bi la nivel mondial. Ei nu sunt doar simboluri ale excelen\u021bei sportive, ci \u0219i voci puternice pentru incluziune \u0219i acces egal la experien\u021be care transform\u0103 vie\u021bi.<\/p>\n<p data-start=\"703\" data-end=\"881\"><strong data-start=\"703\" data-end=\"784\">Primul echipaj care deschide acest drum va fi format din campioni paralimpici<\/strong> \u2014 at\u00e2t ca exemplu pentru al\u021bii, c\u00e2t \u0219i ca form\u0103 de recuno\u0219tin\u021b\u0103 pentru parcursul lor remarcabil.<\/p>\n<p data-start=\"883\" data-end=\"1050\"><strong data-start=\"883\" data-end=\"1050\">Iat\u0103 doar c\u00e2teva dintre numele care ne inspir\u0103 deja \u00een aceast\u0103 misiune. Ei nu vor fi al\u0103turi de noi doar ca ambasadori, ci ca marinari \u00een toat\u0103 puterea cuv\u00e2ntului.<\/strong><\/p>\n<p>[\/vc_column_text]\t\t<\/div>\n\t<\/div>\n<\/div><\/div>[vc_row_inner][vc_column_inner width=&#8221;1\/4&#8243;][vc_single_image image=&#8221;8345&#8243; img_size=&#8221;full&#8221; alignment=&#8221;center&#8221; title=&#8221;Adriana Tofan&#8221;][vc_column_text]<\/p>\n<p style=\"text-align: center;\">IFSC &#8211; Paraclimbing World Cup Villars, 2022 &#8211; locul 5<\/p>\n<p style=\"text-align: center;\">IFSC &#8211; Paraclimbing World Cup Villars, 2023 &#8211; locul 10<\/p>\n<p style=\"text-align: center;\">IFSC &#8211; Paraclimbing World Cup Salt Lake City, 2024 &#8211; locul 5<\/p>\n<p style=\"text-align: center;\">IFSC &#8211; Paraclimbing World Cup Innsbruck, 2025 &#8211; locul 4<\/p>\n<p>[\/vc_column_text][\/vc_column_inner][vc_column_inner width=&#8221;1\/4&#8243;][vc_single_image image=&#8221;8338&#8243; img_size=&#8221;large&#8221; alignment=&#8221;center&#8221; title=&#8221;Makzin Dacian&#8221;][vc_column_text]<\/p>\n<p class=\"\" style=\"text-align: center;\" data-start=\"67\" data-end=\"120\">Calificat la Jocurile Paralimpice de la Londra 2012<\/p>\n<p class=\"\" style=\"text-align: center;\" data-start=\"123\" data-end=\"171\">Medalie de aur la Jocurile Mondiale IWAS, 2015<\/p>\n<p class=\"\" style=\"text-align: center;\" data-start=\"174\" data-end=\"213\">Locul 5 la Campionatul European, 2015<\/p>\n<p class=\"\" style=\"text-align: center;\" data-start=\"216\" data-end=\"266\">Calificat la Jocurile Paralimpice de la Rio 2016<\/p>\n<p class=\"\" style=\"text-align: center;\" data-start=\"269\" data-end=\"306\">Locul 5 la Campionatul European, 2017<\/p>\n<p>[\/vc_column_text][\/vc_column_inner][vc_column_inner width=&#8221;1\/4&#8243;][vc_single_image image=&#8221;8341&#8243; img_size=&#8221;large&#8221; alignment=&#8221;center&#8221; title=&#8221;Cosmin Candoi&#8221;][vc_column_text]<\/p>\n<p style=\"text-align: center;\">Aur la Cupa Mondial\u0103 din Innsbruck, 2025<\/p>\n<p style=\"text-align: center;\">Aur la Cupa Mondial\u0103 din Innsbruck, 2024<\/p>\n<p style=\"text-align: center;\">Aur la Cupa Mondial\u0103 din Villars, 2023<\/p>\n<p style=\"text-align: center;\">Aur la Cupa Mondial\u0103 de Paraclimbing, Salt Lake City, 2022<\/p>\n<p style=\"text-align: center;\">Aur la Cupa Mondial\u0103 din Brian\u00e7on, 2021<\/p>\n<p style=\"text-align: center;\">Aur la Cupa Mondial\u0103 din Brian\u00e7on, 2019<\/p>\n<p>[\/vc_column_text][\/vc_column_inner][vc_column_inner width=&#8221;1\/4&#8243;][vc_single_image image=&#8221;8343&#8243; img_size=&#8221;full&#8221; alignment=&#8221;center&#8221; title=&#8221;Razvan Nedu&#8221;][vc_column_text]<\/p>\n<p style=\"text-align: center;\">Argint la Cupa Mondiala de Paraclimbing, Salt Lake City,\u00a0 2022<\/p>\n<p style=\"text-align: center;\">Argint la Cupa Mondial\u0103 din Brian\u00e7on, 2021<\/p>\n<p style=\"text-align: center;\">Argint la Cupa Mondial\u0103 din Innsbruck , 2021<\/p>\n<p style=\"text-align: center;\">Argint la Campionatul Mondial din Moscova, 2021<\/p>\n<p style=\"text-align: center;\">Argint la Cupa Mondial\u0103 din Los Angeles, 2021<\/p>\n<p>[\/vc_column_text][\/vc_column_inner][\/vc_row_inner][vc_separator css_animation=&#8221;none&#8221; css=&#8221;.vc_custom_1744575335588{padding-top: 10px !important;padding-bottom: 10px !important;}&#8221;][\/vc_column][\/vc_row][vc_row css=&#8221;.vc_custom_1739791817051{margin-top: 0px !important;border-top-width: 0px !important;padding-top: 0px !important;}&#8221;][vc_column]<h2 class=\"eltd-custom-font-holder  eltd-cf-8479  \" style=\"font-family: quentin;font-size: 100px;line-height: 140px;font-weight: 400;letter-spacing: 0px;text-align: center;color: #aaaaaa\" data-item-class=\"eltd-cf-8479\" data-font-size-1280=\"90px\" data-font-size-1024=\"90px\" data-font-size-768=\"70px\" data-font-size-680=\"50px\" data-line-height-1280=\"100px\" data-line-height-1024=\"100px\" data-line-height-768=\"80px\" data-line-height-680=\"60px\">\n\tAmbarcatiunea<\/h2>[vc_separator css_animation=&#8221;none&#8221; css=&#8221;.vc_custom_1744575357000{padding-top: 10px !important;padding-bottom: 10px !important;}&#8221;]\n\t\t\t<!-- START sfgv oceanis 51 REVOLUTION SLIDER 6.6.14 --><p class=\"rs-p-wp-fix\"><\/p>\n\t\t\t<rs-module-wrap id=\"rev_slider_59_1_wrapper\" data-source=\"gallery\" style=\"visibility:hidden;background:transparent;padding:0;\">\n\t\t\t\t<rs-module id=\"rev_slider_59_1\" style=\"\" data-version=\"6.6.14\">\n\t\t\t\t\t<rs-slides style=\"overflow: hidden; position: absolute;\">\n\t\t\t\t\t\t<rs-slide style=\"position: absolute;\" data-key=\"rs-80\" data-title=\"Slide\" data-in=\"o:0;\" data-out=\"a:false;\">\n\t\t\t\t\t\t\t<img decoding=\"async\" src=\"\/\/sunsetandsails.com\/wp-content\/plugins\/revslider\/public\/assets\/assets\/dummy.png\" alt=\"Slide\" title=\"Sail for Good!\" class=\"rev-slidebg tp-rs-img rs-lazyload\" data-lazyload=\"\/\/sunsetandsails.com\/wp-content\/plugins\/revslider\/public\/assets\/assets\/transparent.png\" data-no-retina>\n<!--\n\t\t\t\t\t\t\t--><rs-layer\n\t\t\t\t\t\t\t\tid=\"slider-59-slide-80-layer-0\" \n\t\t\t\t\t\t\t\tclass=\"rs-fsv rs-layer-video intrinsic-ignore\"\n\t\t\t\t\t\t\t\tdata-type=\"video\"\n\t\t\t\t\t\t\t\tdata-rsp_ch=\"on\"\n\t\t\t\t\t\t\t\tdata-xy=\"x:0;y:0;\"\n\t\t\t\t\t\t\t\tdata-text=\"w:normal;s:20,20,20,19;l:0,0,0,29;\"\n\t\t\t\t\t\t\t\tdata-dim=\"w:100%;h:100%;\"\n\t\t\t\t\t\t\t\tdata-basealign=\"slide\"\n\t\t\t\t\t\t\t\tdata-video=\"vd:100;fc:true;l:true;ptimer:false;nse:f;\"\n\t\t\t\t\t\t\t\tdata-ytid=\"kzrDeZLBsEU\"\n\t\t\t\t\t\t\t\tdata-vatr=\"version=3&amp;enablejsapi=1&amp;html5=1&amp;hd=1&amp;wmode=opaque&amp;showinfo=0&amp;rel=0&amp;origin=https:\/\/sunsetandsails.com;\"\n\t\t\t\t\t\t\t\tdata-frame_999=\"o:0;st:w;sR:8700;\"\n\t\t\t\t\t\t\t\tstyle=\"z-index:6;\"\n\t\t\t\t\t\t\t>\n\t\t\t\t\t\t\t<\/rs-layer><!--\n-->\t\t\t\t\t\t<\/rs-slide>\n\t\t\t\t\t<\/rs-slides>\n\t\t\t\t<\/rs-module>\n\t\t\t\t<script>\n\t\t\t\t\tsetREVStartSize({c: 'rev_slider_59_1',rl:[1240,1240,1240,480],el:[2160,2160,2160,720],gw:[3840,3840,3840,3840],gh:[2160,2160,2160,2160],type:'hero',justify:'',layout:'fullscreen',offsetContainer:'',offset:'',mh:\"0\"});if (window.RS_MODULES!==undefined && window.RS_MODULES.modules!==undefined && window.RS_MODULES.modules[\"revslider591\"]!==undefined) {window.RS_MODULES.modules[\"revslider591\"].once = false;window.revapi59 = undefined;if (window.RS_MODULES.checkMinimal!==undefined) window.RS_MODULES.checkMinimal()}\n\t\t\t\t<\/script>\n\t\t\t\t<script src=\"https:\/\/www.youtube.com\/iframe_api\"><\/script>\n\t\t\t<\/rs-module-wrap>\n\t\t\t<!-- END REVOLUTION SLIDER -->\n[vc_separator css_animation=&#8221;none&#8221; css=&#8221;.vc_custom_1744575542618{padding-top: 10px !important;padding-bottom: 10px !important;}&#8221;]<div class=\"eltd-elements-holder   eltd-one-column  eltd-responsive-mode-768 \" ><div class=\"eltd-eh-item   eltd-horizontal-alignment-center eltd-element-from-top\"  data-item-class=\"eltd-eh-custom-5223\" data-animation=\"eltd-element-from-top\">\n\t<div class=\"eltd-eh-item-inner\">\n\t\t<div class=\"eltd-eh-item-content eltd-eh-custom-5223\" >\n\t\t\t[vc_column_text css=&#8221;.vc_custom_1752313154116{padding-right: 10px !important;padding-left: 10px !important;}&#8221;]<\/p>\n<p data-start=\"148\" data-end=\"404\">Pentru fiecare ie\u0219ire pe mare sau activitate din cadrul programului <em data-start=\"216\" data-end=\"231\">Sail for Good<\/em>, vom alege cu grij\u0103 ambarca\u021biunea potrivit\u0103 fiec\u0103rui echipaj \u2014 fie velier, fie catamaran \u2014 \u00een func\u021bie de nevoile participan\u021bilor, nivelul de experien\u021b\u0103 \u0219i condi\u021biile meteo.<\/p>\n<p data-start=\"406\" data-end=\"629\">Folosim ambarca\u021biuni moderne, confortabile \u0219i bine echipate, care ofer\u0103 siguran\u021b\u0103, stabilitate \u0219i accesibilitate \u2014 elemente esen\u021biale pentru ca naviga\u021bia s\u0103 fie nu doar posibil\u0103, ci \u0219i pl\u0103cut\u0103, relaxant\u0103 \u0219i transformatoare.<\/p>\n<p>[\/vc_column_text]\t\t<\/div>\n\t<\/div>\n<\/div><\/div>[vc_separator css_animation=&#8221;none&#8221; css=&#8221;.vc_custom_1739575993289{padding-top: 20px !important;padding-bottom: 50px !important;}&#8221;][\/vc_column][\/vc_row][vc_row css=&#8221;.vc_custom_1739791817051{margin-top: 0px !important;border-top-width: 0px !important;padding-top: 0px !important;}&#8221;][vc_column]<h2 class=\"eltd-custom-font-holder  eltd-cf-5390  \" style=\"font-family: quentin;font-size: 100px;line-height: 140px;font-weight: 400;letter-spacing: 0px;text-align: center;color: #aaaaaa\" data-item-class=\"eltd-cf-5390\" data-font-size-1280=\"90px\" data-font-size-1024=\"90px\" data-font-size-768=\"70px\" data-font-size-680=\"50px\" data-line-height-1280=\"100px\" data-line-height-1024=\"100px\" data-line-height-768=\"80px\" data-line-height-680=\"60px\">\n\tTerenul de Antrenament<\/h2>[vc_separator css_animation=&#8221;none&#8221; css=&#8221;.vc_custom_1744575367736{padding-top: 10px !important;padding-bottom: 10px !important;}&#8221;]\n\t\t\t<!-- START sfgv cyclades REVOLUTION SLIDER 6.6.14 --><p class=\"rs-p-wp-fix\"><\/p>\n\t\t\t<rs-module-wrap id=\"rev_slider_60_2_wrapper\" data-source=\"gallery\" style=\"visibility:hidden;background:transparent;padding:0;\">\n\t\t\t\t<rs-module id=\"rev_slider_60_2\" style=\"\" data-version=\"6.6.14\">\n\t\t\t\t\t<rs-slides style=\"overflow: hidden; position: absolute;\">\n\t\t\t\t\t\t<rs-slide style=\"position: absolute;\" data-key=\"rs-81\" data-title=\"Slide\" data-in=\"o:0;\" data-out=\"a:false;\">\n\t\t\t\t\t\t\t<img decoding=\"async\" src=\"\/\/sunsetandsails.com\/wp-content\/plugins\/revslider\/public\/assets\/assets\/dummy.png\" alt=\"Slide\" title=\"Sail for Good!\" class=\"rev-slidebg tp-rs-img rs-lazyload\" data-lazyload=\"\/\/sunsetandsails.com\/wp-content\/plugins\/revslider\/public\/assets\/assets\/transparent.png\" data-no-retina>\n<!--\n\t\t\t\t\t\t\t--><rs-layer\n\t\t\t\t\t\t\t\tid=\"slider-60-slide-81-layer-0\" \n\t\t\t\t\t\t\t\tclass=\"rs-fsv rs-layer-video intrinsic-ignore\"\n\t\t\t\t\t\t\t\tdata-type=\"video\"\n\t\t\t\t\t\t\t\tdata-rsp_ch=\"on\"\n\t\t\t\t\t\t\t\tdata-xy=\"x:0;y:0;\"\n\t\t\t\t\t\t\t\tdata-text=\"w:normal;s:20,20,20,19;l:0,0,0,29;\"\n\t\t\t\t\t\t\t\tdata-dim=\"w:100%;h:100%;\"\n\t\t\t\t\t\t\t\tdata-basealign=\"slide\"\n\t\t\t\t\t\t\t\tdata-video=\"vd:100;fc:true;l:true;ptimer:false;nse:f;\"\n\t\t\t\t\t\t\t\tdata-ytid=\"mLQ1LoNpY9E\"\n\t\t\t\t\t\t\t\tdata-vatr=\"version=3&amp;enablejsapi=1&amp;html5=1&amp;hd=1&amp;wmode=opaque&amp;showinfo=0&amp;rel=0&amp;origin=https:\/\/sunsetandsails.com;\"\n\t\t\t\t\t\t\t\tdata-frame_999=\"o:0;st:w;sR:8700;\"\n\t\t\t\t\t\t\t\tstyle=\"z-index:6;\"\n\t\t\t\t\t\t\t>\n\t\t\t\t\t\t\t<\/rs-layer><!--\n-->\t\t\t\t\t\t<\/rs-slide>\n\t\t\t\t\t<\/rs-slides>\n\t\t\t\t<\/rs-module>\n\t\t\t\t<script>\n\t\t\t\t\tsetREVStartSize({c: 'rev_slider_60_2',rl:[1240,1240,1240,480],el:[2160,2160,2160,720],gw:[3840,3840,3840,3840],gh:[2160,2160,2160,2160],type:'hero',justify:'',layout:'fullscreen',offsetContainer:'',offset:'',mh:\"0\"});if (window.RS_MODULES!==undefined && window.RS_MODULES.modules!==undefined && window.RS_MODULES.modules[\"revslider602\"]!==undefined) {window.RS_MODULES.modules[\"revslider602\"].once = false;window.revapi60 = undefined;if (window.RS_MODULES.checkMinimal!==undefined) window.RS_MODULES.checkMinimal()}\n\t\t\t\t<\/script>\n\t\t\t<\/rs-module-wrap>\n\t\t\t<!-- END REVOLUTION SLIDER -->\n[vc_separator css_animation=&#8221;none&#8221; css=&#8221;.vc_custom_1744575377376{padding-top: 10px !important;padding-bottom: 10px !important;}&#8221;]<div class=\"eltd-elements-holder   eltd-one-column  eltd-responsive-mode-768 \" ><div class=\"eltd-eh-item   eltd-horizontal-alignment-center eltd-element-from-top\"  data-item-class=\"eltd-eh-custom-9812\" data-animation=\"eltd-element-from-top\">\n\t<div class=\"eltd-eh-item-inner\">\n\t\t<div class=\"eltd-eh-item-content eltd-eh-custom-9812\" >\n\t\t\t[vc_column_text css=&#8221;.vc_custom_1749582651154{padding-right: 10px !important;padding-left: 10px !important;}&#8221;]<\/p>\n<p data-start=\"396\" data-end=\"681\">Navig\u0103m \u00een locuri care inspir\u0103 \u2014 ape calde \u0219i limpezi, insule pres\u0103rate cu lumin\u0103 \u0219i briz\u0103 bl\u00e2nd\u0103. Zonele noastre preferate sunt apele M\u0103rii Mediterane, \u00een special <strong data-start=\"560\" data-end=\"582\">Cicladele grece\u0219ti<\/strong>, unde naviga\u021bia se \u00eembin\u0103 firesc cu frumuse\u021bea, cultura local\u0103 \u0219i momentele de echilibru interior.<\/p>\n<p data-start=\"683\" data-end=\"828\">Dar orizontul r\u0103m\u00e2ne deschis \u2014 pentru c\u0103 <em data-start=\"724\" data-end=\"739\">Sail for Good<\/em> nu se opre\u0219te la o hart\u0103, ci caut\u0103 mereu noi locuri \u00een care binele poate ajunge pe mare.<\/p>\n<p>[\/vc_column_text]\t\t<\/div>\n\t<\/div>\n<\/div><\/div>[vc_separator css_animation=&#8221;none&#8221; css=&#8221;.vc_custom_1744575415127{padding-top: 10px !important;padding-bottom: 10px !important;}&#8221;][\/vc_column][\/vc_row][vc_row][vc_column][vc_separator css_animation=&#8221;none&#8221; css=&#8221;.vc_custom_1744575461221{padding-top: 10px !important;padding-bottom: 10px !important;}&#8221;]<div class=\"eltd-section-title-holder   text-align-center eltd-animated-separator\" style=\"text-align: center\">\n\t<div class=\"eltd-st-inner\">\n\t\t\t\t\t<h2 class=\"eltd-st-title\" >\n\t\t\t\tUrca la Bord\t\t\t<\/h2>\n\t\t\t\t<div class=\"eltd-separator-holder clearfix  eltd-separator-center \">\t<div class=\"eltd-separator\" ><\/div><\/div>\t\t\t<\/div>\n<\/div><h2 class=\"eltd-custom-font-holder  eltd-cf-3131  \" style=\"font-family: quentin;font-size: 60px;line-height: 100px;font-weight: 300;letter-spacing: 0px;text-align: center;color: #aaaaaa\" data-item-class=\"eltd-cf-3131\" data-font-size-1280=\"50px\" data-font-size-1024=\"50px\" data-font-size-768=\"50px\" data-font-size-680=\"50px\" data-line-height-1280=\"100px\" data-line-height-1024=\"100px\" data-line-height-768=\"80px\" data-line-height-680=\"60px\">\n\tSunset&amp;Sails<\/h2><div class=\"eltd-elements-holder   eltd-one-column  eltd-responsive-mode-768 \" ><div class=\"eltd-eh-item   eltd-horizontal-alignment-center eltd-element-from-top\"  data-item-class=\"eltd-eh-custom-5847\" data-animation=\"eltd-element-from-top\">\n\t<div class=\"eltd-eh-item-inner\">\n\t\t<div class=\"eltd-eh-item-content eltd-eh-custom-5847\" >\n\t\t\t[vc_column_text css=&#8221;.vc_custom_1749582727956{padding-right: 10px !important;padding-left: 10px !important;}&#8221;]<\/p>\n<h5 style=\"text-align: center;\" data-start=\"55\" data-end=\"316\">Dac\u0103 e\u0219ti interesat de proiectul nostru, te invit\u0103m s\u0103 ne contactezi pentru a stabili \u00eempreun\u0103 detaliile colabor\u0103rii.<\/h5>\n<h5 style=\"text-align: center;\"><strong><a href=\"mailto:office@sunsetandsails.com\" target=\"_blank\" rel=\"nofollow noopener\">office@sunsetandsails.com<\/a><\/strong><\/h5>\n<h5 style=\"text-align: center;\"><strong>+40 729 975 555<\/strong><\/h5>\n<p>[\/vc_column_text]\t\t<\/div>\n\t<\/div>\n<\/div><\/div><div class=\"eltd-elements-holder   eltd-one-column  eltd-responsive-mode-768 \" ><div class=\"eltd-eh-item   eltd-horizontal-alignment-center eltd-element-from-top\"  data-item-class=\"eltd-eh-custom-4989\" data-animation=\"eltd-element-from-top\">\n\t<div class=\"eltd-eh-item-inner\">\n\t\t<div class=\"eltd-eh-item-content eltd-eh-custom-4989\" >\n\t\t\t[vc_column_text css=&#8221;.vc_custom_1753071600625{padding-right: 10px !important;padding-left: 10px !important;}&#8221;]<\/p>\n<p data-start=\"242\" data-end=\"364\">\u00cen competi\u021bia pentru Bine, fiecare gest conteaz\u0103 \u2014 iar fiecare companie care alege s\u0103 se implice merit\u0103 s\u0103 fie vizibil\u0103.<\/p>\n<p data-start=\"366\" data-end=\"617\">Indiferent de valoarea contribu\u021biei, toate companiile participante vor fi men\u021bionate \u00een materialele de promovare ale proiectului: pe site, \u00een comunicatele de pres\u0103, \u00een post\u0103rile dedicate pe re\u021belele sociale \u0219i \u00een prezent\u0103rile evenimentelor viitoare.<\/p>\n<p data-start=\"619\" data-end=\"831\">Pentru sponsorii principali vom asigura o prezen\u021b\u0103 extins\u0103, inclusiv prin apari\u021bii \u00een materiale video \u0219i articole de profil, precum \u0219i prin elemente vizuale de impact (steaguri, bannere, materiale personalizate).<\/p>\n<p>[\/vc_column_text]\t\t<\/div>\n\t<\/div>\n<\/div><\/div>[vc_separator css_animation=&#8221;none&#8221; css=&#8221;.vc_custom_1744575482049{padding-top: 10px !important;padding-bottom: 10px !important;}&#8221;][\/vc_column][\/vc_row]<\/p>\n<\/section>","protected":false},"excerpt":{"rendered":"<p>[vc_row][vc_column][vc_row_inner equal_height=&#8221;yes&#8221;][vc_column_inner][vc_column_text css=&#8221;.vc_custom_1752304199747{padding-right: 10px !important;padding-left: 10px !important;}&#8221;] [\/vc_column_text][\/vc_column_inner][\/vc_row_inner][vc_separator css_animation=&#8221;none&#8221; css=&#8221;.vc_custom_1744574754146{padding-top: 10px !important;padding-bottom: 10px !important;}&#8221;][vc_separator css_animation=&#8221;none&#8221; css=&#8221;.vc_custom_1744575291213{padding-top: 10px !important;padding-bottom: 10px !important;}&#8221;][\/vc_column][\/vc_row][vc_row][vc_column][\/vc_column][\/vc_row][vc_row css=&#8221;.vc_custom_1739791817051{margin-top: 0px !important;border-top-width: 0px !important;padding-top: 0px !important;}&#8221;][vc_column][vc_separator css_animation=&#8221;none&#8221; css=&#8221;.vc_custom_1744575318288{padding-top: 10px !important;padding-bottom: 10px !important;}&#8221;][vc_row_inner][vc_column_inner width=&#8221;1\/4&#8243;][vc_single_image image=&#8221;8345&#8243; img_size=&#8221;full&#8221; alignment=&#8221;center&#8221; title=&#8221;Adriana Tofan&#8221;][vc_column_text] IFSC [&hellip;]<\/p>\n","protected":false},"author":2,"featured_media":13230,"parent":0,"menu_order":0,"comment_status":"closed","ping_status":"closed","template":"full-width.php","meta":{"footnotes":""},"class_list":["post-13177","page","type-page","status-publish","has-post-thumbnail","hentry"],"_links":{"self":[{"href":"https:\/\/sunsetandsails.com\/ro\/wp-json\/wp\/v2\/pages\/13177","targetHints":{"allow":["GET"]}}],"collection":[{"href":"https:\/\/sunsetandsails.com\/ro\/wp-json\/wp\/v2\/pages"}],"about":[{"href":"https:\/\/sunsetandsails.com\/ro\/wp-json\/wp\/v2\/types\/page"}],"author":[{"embeddable":true,"href":"https:\/\/sunsetandsails.com\/ro\/wp-json\/wp\/v2\/users\/2"}],"replies":[{"embeddable":true,"href":"https:\/\/sunsetandsails.com\/ro\/wp-json\/wp\/v2\/comments?post=13177"}],"version-history":[{"count":1,"href":"https:\/\/sunsetandsails.com\/ro\/wp-json\/wp\/v2\/pages\/13177\/revisions"}],"predecessor-version":[{"id":13178,"href":"https:\/\/sunsetandsails.com\/ro\/wp-json\/wp\/v2\/pages\/13177\/revisions\/13178"}],"wp:featuredmedia":[{"embeddable":true,"href":"https:\/\/sunsetandsails.com\/ro\/wp-json\/wp\/v2\/media\/13230"}],"wp:attachment":[{"href":"https:\/\/sunsetandsails.com\/ro\/wp-json\/wp\/v2\/media?parent=13177"}],"curies":[{"name":"wp","href":"https:\/\/api.w.org\/{rel}","templated":true}]}}