{"id":11071,"date":"2026-01-20T14:01:57","date_gmt":"2026-01-20T14:01:57","guid":{"rendered":"https:\/\/sunsetandsails.com\/?page_id=11071"},"modified":"2026-01-24T00:16:06","modified_gmt":"2026-01-24T00:16:06","slug":"ambasadori-sunsetsails","status":"publish","type":"page","link":"https:\/\/sunsetandsails.com\/ro\/ambasadori-sunsetsails\/","title":{"rendered":"Ambasadori Sunset&#038;Sails"},"content":{"rendered":"<section class=\"wpb-content-wrapper\"><p>[vc_row row_content_width=&#8221;grid&#8221; content_text_aligment=&#8221;center&#8221;][vc_column css=&#8221;.vc_custom_1726336822272{margin-top: 100px !important;margin-bottom: 20px !important;}&#8221;]<h1 class=\"eltd-custom-font-holder  eltd-cf-1926  \" style=\"font-family: Quentin;font-size: 120px;line-height: 140px;font-weight: 400;text-align: center;color: #707070;margin: -150px 0 20px 0\" data-item-class=\"eltd-cf-1926\" data-font-size-1024=\"100px\" data-font-size-768=\"80px\" data-font-size-680=\"75px\" data-line-height-680=\"60xppx\">\n\tAmbasadori Sunset&amp;Sails<\/h1><div class=\"eltd-section-title-holder   text-align-center eltd-animated-separator\" style=\"text-align: center\">\n\t<div class=\"eltd-st-inner\">\n\t\t\t\t\t<h3 class=\"eltd-st-title\" >\n\t\t\t\tAlege prietenii cu care s\u0103 navighezi. Marea face restul.\t\t\t<\/h3>\n\t\t\t\t<div class=\"eltd-separator-holder clearfix  eltd-separator-center \">\t<div class=\"eltd-separator\" ><\/div><\/div>\t\t\t<\/div>\n<\/div><div class=\"eltd-elements-holder   eltd-one-column  eltd-responsive-mode-768 \" ><div class=\"eltd-eh-item    eltd-fade-in-down\"  data-item-class=\"eltd-eh-custom-5355\" data-animation=\"eltd-fade-in-down\" data-1280-1600=\"0 136px 66px\" data-1024-1280=\"0 136px 66px\" data-768-1024=\"0 0 66px\" data-680-768=\"0 0 66px\" data-680=\"0 0 66px\">\n\t<div class=\"eltd-eh-item-inner\">\n\t\t<div class=\"eltd-eh-item-content eltd-eh-custom-5355\" style=\"padding: 0 234px 66px\">\n\t\t\t[vc_column_text css_animation=&#8221;fadeInDown&#8221;]<\/p>\n<p style=\"text-align: center;\" data-start=\"85\" data-end=\"171\"><strong data-start=\"85\" data-end=\"118\">Nu credem \u00een vacan\u021be v\u00e2ndute.<\/strong><br data-start=\"118\" data-end=\"121\" \/><strong data-start=\"123\" data-end=\"169\">Credem \u00een oameni care navigheaz\u0103 \u00eempreun\u0103.<\/strong><\/p>\n<p style=\"text-align: center;\" data-start=\"178\" data-end=\"365\">Cele mai frumoase c\u0103l\u0103torii apar atunci c\u00e2nd oamenii au \u00eencredere unii \u00een al\u021bii \u2014 \u0219i las\u0103 marea s\u0103-\u0219i spun\u0103 cuv\u00e2ntul.<br data-start=\"295\" data-end=\"298\" \/>Ambasadorii Sunset &amp; Sails ne ajut\u0103 s\u0103 p\u0103str\u0103m acest echilibru.<\/p>\n<p style=\"text-align: center;\" data-start=\"372\" data-end=\"470\">Sunt oameni care, f\u0103r\u0103 efort, \u00eei adun\u0103 pe ceilal\u021bi \u00een jurul unor experien\u021be care chiar conteaz\u0103.<\/p>\n<p style=\"text-align: center;\" data-start=\"477\" data-end=\"588\">Prieteni, parteneri \u0219i comunit\u0103\u021bi se \u00eent\u00e2lnesc pe ap\u0103 din aceea\u0219i dragoste pentru mare, mi\u0219care \u0219i libertate.<\/p>\n<p style=\"text-align: center;\" data-start=\"595\" data-end=\"913\">A fi ambasador Sunset &amp; Sails \u00eenseamn\u0103 s\u0103 deschizi drumul c\u0103tre experien\u021be \u00een care deja crezi.<br data-start=\"689\" data-end=\"692\" \/>Tu aduni un grup \u2014 prieteni, colegi sau oameni pe aceea\u0219i lungime de und\u0103 \u2014 iar noi ne ocup\u0103m de restul: traseu, ambarca\u021biune, logistic\u0103, echipaj \u0219i ritmul c\u0103l\u0103toriei. Tu navighezi gratuit, al\u0103turi de oamenii t\u0103i.<\/p>\n<p style=\"text-align: center;\" data-start=\"920\" data-end=\"970\"><strong data-start=\"920\" data-end=\"941\">Mai pu\u021bin zgomot.<\/strong><br data-start=\"941\" data-end=\"944\" \/><strong data-start=\"946\" data-end=\"970\">Mai mult sens.<\/strong><\/p>\n<p>[\/vc_column_text]\t\t<\/div>\n\t<\/div>\n<\/div><\/div>[\/vc_column][\/vc_row][vc_row][vc_column][vc_separator css=&#8221;.vc_custom_1739917484161{padding-bottom: 20px !important;}&#8221;]<h1 class=\"eltd-custom-font-holder  eltd-cf-6403  \" style=\"font-family: Quentin;font-size: 120px;line-height: 75px;font-weight: 400;text-align: center;color: #4c4c4c\" data-item-class=\"eltd-cf-6403\" data-font-size-1024=\"100px\" data-font-size-768=\"80px\" data-font-size-680=\"75px\" data-line-height-680=\"60xppx\">\n\tCui i se potriveste<\/h1><div class=\"eltd-section-title-holder   text-align-center eltd-animated-separator\" style=\"text-align: center\">\n\t<div class=\"eltd-st-inner\">\n\t\t\t\t\t<h3 class=\"eltd-st-title\" >\n\t\t\t\tAcest rol este pentru persoanele care:\t\t\t<\/h3>\n\t\t\t\t<div class=\"eltd-separator-holder clearfix  eltd-separator-center \">\t<div class=\"eltd-separator\" ><\/div><\/div>\t\t\t<\/div>\n<\/div><div class=\"eltd-elements-holder   eltd-one-column  eltd-responsive-mode-768 \" ><div class=\"eltd-eh-item    eltd-fade-in-down\"  data-item-class=\"eltd-eh-custom-6506\" data-animation=\"eltd-fade-in-down\" data-1280-1600=\"0 136px 66px\" data-1024-1280=\"0 136px 66px\" data-768-1024=\"0 0 66px\" data-680-768=\"0 0 66px\" data-680=\"0 0 66px\">\n\t<div class=\"eltd-eh-item-inner\">\n\t\t<div class=\"eltd-eh-item-content eltd-eh-custom-6506\" style=\"padding: 0 234px 66px\">\n\t\t\t[vc_column_text css_animation=&#8221;fadeInDown&#8221;]<\/p>\n<ul data-start=\"87\" data-end=\"504\">\n<li data-start=\"87\" data-end=\"152\">\n<p style=\"text-align: center;\" data-start=\"89\" data-end=\"152\">Se simt \u00een largul lor pe mare \u0219i \u00een jurul ambarca\u021biunilor<\/p>\n<\/li>\n<li style=\"text-align: center;\" data-start=\"153\" data-end=\"221\">\n<p data-start=\"155\" data-end=\"221\">Aduc oamenii \u00eempreun\u0103 firesc, f\u0103r\u0103 a vinde sau a juca un rol<\/p>\n<\/li>\n<li style=\"text-align: center;\" data-start=\"222\" data-end=\"276\">\n<p data-start=\"224\" data-end=\"276\">C\u0103l\u0103toresc cu inten\u021bie \u0219i aten\u021bie, nu \u00een grab\u0103<\/p>\n<\/li>\n<li style=\"text-align: center;\" data-start=\"277\" data-end=\"348\">\n<p data-start=\"279\" data-end=\"348\">Apreciaz\u0103 calitatea, \u00eencrederea \u0219i rela\u021biile construite \u00een timp<\/p>\n<\/li>\n<li style=\"text-align: center;\" data-start=\"349\" data-end=\"421\">\n<p data-start=\"351\" data-end=\"421\">Prefer\u0103 aventurile \u00eemp\u0103rt\u0103\u0219ite \u00een locul destina\u021biilor aglomerate<\/p>\n<\/li>\n<li style=\"text-align: center;\" data-start=\"422\" data-end=\"504\">\n<p data-start=\"424\" data-end=\"504\">Au un respect autentic pentru natur\u0103 \u0219i pentru locurile pe care le descoper\u0103<\/p>\n<\/li>\n<\/ul>\n<h5 style=\"text-align: center;\" data-start=\"506\" data-end=\"622\"><strong data-start=\"506\" data-end=\"553\">Nu este necesar\u0103 o experien\u021b\u0103 profesional\u0103.<\/strong><br data-start=\"553\" data-end=\"556\" \/><strong data-start=\"556\" data-end=\"622\">Doar autenticitate \u2014 \u0219i grij\u0103 fa\u021b\u0103 de lumea prin care navig\u0103m.<\/strong><\/h5>\n<p>[\/vc_column_text]\t\t<\/div>\n\t<\/div>\n<\/div><\/div>[vc_separator css=&#8221;.vc_custom_1739917495559{padding-top: 20px !important;}&#8221;][\/vc_column][\/vc_row][vc_row][vc_column][vc_separator css=&#8221;.vc_custom_1739917484161{padding-bottom: 20px !important;}&#8221;]<h1 class=\"eltd-custom-font-holder  eltd-cf-2904  \" style=\"font-family: Quentin;font-size: 120px;line-height: 75px;font-weight: 400;text-align: center;color: #4c4c4c\" data-item-class=\"eltd-cf-2904\" data-font-size-1024=\"100px\" data-font-size-768=\"80px\" data-font-size-680=\"75px\" data-line-height-680=\"60px\">\n\tCum functioneaz\u0103<\/h1><div class=\"eltd-section-title-holder   text-align-center eltd-animated-separator\" style=\"text-align: center\">\n\t<div class=\"eltd-st-inner\">\n\t\t\t\t\t<h3 class=\"eltd-st-title\" >\n\t\t\t\tUn ritm care \u021bi se potrive\u0219te\t\t\t<\/h3>\n\t\t\t\t<div class=\"eltd-separator-holder clearfix  eltd-separator-center \">\t<div class=\"eltd-separator\" ><\/div><\/div>\t\t\t<\/div>\n<\/div><div class=\"eltd-elements-holder   eltd-one-column  eltd-responsive-mode-768 \" ><div class=\"eltd-eh-item    eltd-fade-in-down\"  data-item-class=\"eltd-eh-custom-3875\" data-animation=\"eltd-fade-in-down\" data-1280-1600=\"0 136px 66px\" data-1024-1280=\"0 136px 66px\" data-768-1024=\"0 0 66px\" data-680-768=\"0 0 66px\" data-680=\"0 0 66px\">\n\t<div class=\"eltd-eh-item-inner\">\n\t\t<div class=\"eltd-eh-item-content eltd-eh-custom-3875\" style=\"padding: 0 234px 66px\">\n\t\t\t[vc_column_text css_animation=&#8221;fadeInDown&#8221;]<\/p>\n<p style=\"text-align: center;\" data-start=\"65\" data-end=\"188\"><strong data-start=\"65\" data-end=\"91\">1. \u00ce\u021bi aduni echipajul<\/strong><br data-start=\"91\" data-end=\"94\" \/>Un grup format din prieteni, colegi sau membri ai unei comunit\u0103\u021bi (\u00eencep\u00e2nd de la 8 persoane).<\/p>\n<p style=\"text-align: center;\" data-start=\"190\" data-end=\"321\"><strong data-start=\"190\" data-end=\"225\">2. Contur\u0103m experien\u021ba \u00eempreun\u0103<\/strong><br data-start=\"225\" data-end=\"228\" \/>Destina\u021bia, tipul de ambarca\u021biune, ritmul \u0219i focusul \u2014 toate se stabilesc \u00een mod colaborativ.<\/p>\n<p style=\"text-align: center;\" data-start=\"323\" data-end=\"413\"><strong data-start=\"323\" data-end=\"360\">3. Navighezi ca parte din echipaj<\/strong><br data-start=\"360\" data-end=\"363\" \/>Nu g\u0103zduie\u0219ti.<br data-start=\"377\" data-end=\"380\" \/>Navighezi al\u0103turi de oamenii t\u0103i.<\/p>\n<p style=\"text-align: center;\" data-start=\"415\" data-end=\"565\"><strong data-start=\"415\" data-end=\"453\">4. Locul t\u0103u la bord este asigurat<\/strong><br data-start=\"453\" data-end=\"456\" \/>Atunci c\u00e2nd grupul navigheaz\u0103, locul t\u0103u la bord este oferit gratuit, ca parte a aranjamentului de ambasador.<\/p>\n<p>[\/vc_column_text]\t\t<\/div>\n\t<\/div>\n<\/div><\/div>[vc_separator css=&#8221;.vc_custom_1739917495559{padding-top: 20px !important;}&#8221;][\/vc_column][\/vc_row][vc_row][vc_column][vc_separator css=&#8221;.vc_custom_1739917484161{padding-bottom: 20px !important;}&#8221;]<h1 class=\"eltd-custom-font-holder  eltd-cf-9310  \" style=\"font-family: Quentin;font-size: 120px;line-height: 75px;font-weight: 400;text-align: center;color: #4c4c4c\" data-item-class=\"eltd-cf-9310\" data-font-size-1024=\"100px\" data-font-size-768=\"80px\" data-font-size-680=\"75px\" data-line-height-680=\"60xppx\">\n\tCe primesti<\/h1><div class=\"eltd-section-title-holder   text-align-center eltd-animated-separator\" style=\"text-align: center\">\n\t<div class=\"eltd-st-inner\">\n\t\t\t\t\t<h3 class=\"eltd-st-title\" >\n\t\t\t\tCa parte a acordului\t\t\t<\/h3>\n\t\t\t\t<div class=\"eltd-separator-holder clearfix  eltd-separator-center \">\t<div class=\"eltd-separator\" ><\/div><\/div>\t\t\t<\/div>\n<\/div><div class=\"eltd-elements-holder   eltd-one-column  eltd-responsive-mode-768 \" ><div class=\"eltd-eh-item    eltd-fade-in-down\"  data-item-class=\"eltd-eh-custom-3926\" data-animation=\"eltd-fade-in-down\" data-1280-1600=\"0 136px 66px\" data-1024-1280=\"0 136px 66px\" data-768-1024=\"0 0 66px\" data-680-768=\"0 0 66px\" data-680=\"0 0 66px\">\n\t<div class=\"eltd-eh-item-inner\">\n\t\t<div class=\"eltd-eh-item-content eltd-eh-custom-3926\" style=\"padding: 0 234px 66px\">\n\t\t\t[vc_column_text css_animation=&#8221;fadeInDown&#8221;]<\/p>\n<ul data-start=\"74\" data-end=\"542\">\n<li data-start=\"74\" data-end=\"147\">\n<p style=\"text-align: center;\" data-start=\"76\" data-end=\"147\">Locul t\u0103u la bord este inclus atunci c\u00e2nd navighezi cu grupul t\u0103u<\/p>\n<\/li>\n<li style=\"text-align: center;\" data-start=\"148\" data-end=\"207\">\n<p data-start=\"150\" data-end=\"207\">Acces prioritar la rute viitoare \u0219i edi\u021bii speciale<\/p>\n<\/li>\n<li style=\"text-align: center;\" data-start=\"208\" data-end=\"283\">\n<p data-start=\"210\" data-end=\"283\">Invita\u021bii la croaziere \u0219i \u00eent\u00e2lniri dedicate exclusiv ambasadorilor<\/p>\n<\/li>\n<li style=\"text-align: center;\" data-start=\"284\" data-end=\"381\">\n<p data-start=\"286\" data-end=\"381\">Cadouri \u0219i produse atent alese, sub brandul Sunset &amp; Sails, oferite ca parte a c\u0103l\u0103toriei<\/p>\n<\/li>\n<li style=\"text-align: center;\" data-start=\"382\" data-end=\"456\">\n<p data-start=\"384\" data-end=\"456\">Oportunit\u0103\u021bi de colaborare pe termen lung \u00een cadrul Sunset &amp; Sails<\/p>\n<\/li>\n<li style=\"text-align: center;\" data-start=\"457\" data-end=\"542\">\n<p data-start=\"459\" data-end=\"542\">Recunoa\u0219tere \u00een cadrul comunit\u0103\u021bii noastre (discret\u0103, niciodat\u0103 promo\u021bional\u0103)<\/p>\n<\/li>\n<\/ul>\n<p style=\"text-align: center;\" data-start=\"544\" data-end=\"598\"><strong data-start=\"544\" data-end=\"563\">Nu este un job.<\/strong><br data-start=\"563\" data-end=\"566\" \/><strong data-start=\"566\" data-end=\"598\">Este o direc\u021bie \u00eemp\u0103rt\u0103\u0219it\u0103.<\/strong><\/p>\n<p>[\/vc_column_text]\t\t<\/div>\n\t<\/div>\n<\/div><\/div>[vc_separator css=&#8221;.vc_custom_1739917495559{padding-top: 20px !important;}&#8221;][\/vc_column][\/vc_row][vc_row row_content_width=&#8221;grid&#8221; content_text_aligment=&#8221;center&#8221;][vc_column css=&#8221;.vc_custom_1726336822272{margin-top: 100px !important;margin-bottom: 20px !important;}&#8221;]<h1 class=\"eltd-custom-font-holder  eltd-cf-3800  \" style=\"font-family: Quentin;font-size: 120px;line-height: 75px;font-weight: 400;text-align: center;color: #4c4c4c\" data-item-class=\"eltd-cf-3800\" data-font-size-1024=\"100px\" data-font-size-768=\"80px\" data-font-size-680=\"75px\" data-line-height-680=\"60xppx\">\n\tNavigheaza cu noi<\/h1><div class=\"eltd-section-title-holder   text-align-center eltd-animated-separator\" style=\"text-align: center\">\n\t<div class=\"eltd-st-inner\">\n\t\t\t\t\t<h3 class=\"eltd-st-title\" >\n\t\t\t\tDac\u0103 acest lucru \u021bi se pare firesc, nu spectaculos \u2014 s-ar putea s\u0103 fii deja unul dintre noi.\t\t\t<\/h3>\n\t\t\t\t<div class=\"eltd-separator-holder clearfix  eltd-separator-center \">\t<div class=\"eltd-separator\" ><\/div><\/div>\t\t\t<\/div>\n<\/div><div class=\"eltd-elements-holder   eltd-one-column  eltd-responsive-mode-768 \" ><div class=\"eltd-eh-item    eltd-fade-in-down\"  data-item-class=\"eltd-eh-custom-3936\" data-animation=\"eltd-fade-in-down\" data-1280-1600=\"0 136px 66px\" data-1024-1280=\"0 136px 66px\" data-768-1024=\"0 0 66px\" data-680-768=\"0 0 66px\" data-680=\"0 0 66px\">\n\t<div class=\"eltd-eh-item-inner\">\n\t\t<div class=\"eltd-eh-item-content eltd-eh-custom-3936\" style=\"padding: 0 234px 66px\">\n\t\t\t[vc_column_text css_animation=&#8221;fadeInDown&#8221;]<\/p>\n<p style=\"text-align: center;\">D\u0103-ne un semn dac\u0103 vrei s\u0103 afli mai multe.<\/p>\n<p style=\"text-align: center;\"><a href=\"https:\/\/sunsetandsails.com\/\"><strong>SUNSETANDSAILS.COM<\/strong><\/a><\/p>\n<p style=\"text-align: center;\"><strong><a href=\"mailto:office@sunsetandsails.com\" target=\"_blank\" rel=\"nofollow noopener\">office@sunsetandsails.com<\/a><\/strong><\/p>\n<p>&nbsp;<\/p>\n<p style=\"text-align: center;\"><strong>+40 729 975 555<\/strong><\/p>\n<p>[\/vc_column_text]\t\t<\/div>\n\t<\/div>\n<\/div><\/div><a itemprop=\"url\" href=\"https:\/\/forms.gle\/jbqNstdR9PxAoMy58\" target=\"_blank\"  class=\"eltd-btn eltd-btn-huge eltd-btn-solid\"  >\n    <span class=\"eltd-btn-text\">Devino ambasador<\/span>\n    <\/a>[vc_separator css=&#8221;.vc_custom_1739917495559{padding-top: 20px !important;}&#8221;][\/vc_column][\/vc_row]<\/p>\n<\/section>","protected":false},"excerpt":{"rendered":"<p>[vc_row row_content_width=&#8221;grid&#8221; content_text_aligment=&#8221;center&#8221;][vc_column css=&#8221;.vc_custom_1726336822272{margin-top: 100px !important;margin-bottom: 20px !important;}&#8221;][\/vc_column][\/vc_row][vc_row][vc_column][vc_separator css=&#8221;.vc_custom_1739917484161{padding-bottom: 20px !important;}&#8221;][vc_separator css=&#8221;.vc_custom_1739917495559{padding-top: 20px !important;}&#8221;][\/vc_column][\/vc_row][vc_row][vc_column][vc_separator css=&#8221;.vc_custom_1739917484161{padding-bottom: 20px !important;}&#8221;][vc_separator css=&#8221;.vc_custom_1739917495559{padding-top: 20px !important;}&#8221;][\/vc_column][\/vc_row][vc_row][vc_column][vc_separator css=&#8221;.vc_custom_1739917484161{padding-bottom: 20px !important;}&#8221;][vc_separator css=&#8221;.vc_custom_1739917495559{padding-top: 20px !important;}&#8221;][\/vc_column][\/vc_row][vc_row row_content_width=&#8221;grid&#8221; content_text_aligment=&#8221;center&#8221;][vc_column css=&#8221;.vc_custom_1726336822272{margin-top: 100px !important;margin-bottom: 20px !important;}&#8221;][vc_separator css=&#8221;.vc_custom_1739917495559{padding-top: 20px !important;}&#8221;][\/vc_column][\/vc_row]<\/p>\n","protected":false},"author":2,"featured_media":7192,"parent":0,"menu_order":0,"comment_status":"closed","ping_status":"closed","template":"","meta":{"footnotes":""},"class_list":["post-11071","page","type-page","status-publish","has-post-thumbnail","hentry"],"_links":{"self":[{"href":"https:\/\/sunsetandsails.com\/ro\/wp-json\/wp\/v2\/pages\/11071","targetHints":{"allow":["GET"]}}],"collection":[{"href":"https:\/\/sunsetandsails.com\/ro\/wp-json\/wp\/v2\/pages"}],"about":[{"href":"https:\/\/sunsetandsails.com\/ro\/wp-json\/wp\/v2\/types\/page"}],"author":[{"embeddable":true,"href":"https:\/\/sunsetandsails.com\/ro\/wp-json\/wp\/v2\/users\/2"}],"replies":[{"embeddable":true,"href":"https:\/\/sunsetandsails.com\/ro\/wp-json\/wp\/v2\/comments?post=11071"}],"version-history":[{"count":13,"href":"https:\/\/sunsetandsails.com\/ro\/wp-json\/wp\/v2\/pages\/11071\/revisions"}],"predecessor-version":[{"id":12066,"href":"https:\/\/sunsetandsails.com\/ro\/wp-json\/wp\/v2\/pages\/11071\/revisions\/12066"}],"wp:featuredmedia":[{"embeddable":true,"href":"https:\/\/sunsetandsails.com\/ro\/wp-json\/wp\/v2\/media\/7192"}],"wp:attachment":[{"href":"https:\/\/sunsetandsails.com\/ro\/wp-json\/wp\/v2\/media?parent=11071"}],"curies":[{"name":"wp","href":"https:\/\/api.w.org\/{rel}","templated":true}]}}